{"id":21,"date":"2014-08-20T17:15:00","date_gmt":"2014-08-20T16:15:00","guid":{"rendered":"http:\/\/esrenens.ch\/mc\/?page_id=21"},"modified":"2014-10-13T10:32:37","modified_gmt":"2014-10-13T08:32:37","slug":"contact","status":"publish","type":"page","link":"https:\/\/esrenens.ch\/news23\/?page_id=21","title":{"rendered":"Contact"},"content":{"rendered":"<p style=\"text-align: justify;\">Si vous souhaitez prendre contact avec la r\u00e9daction, que ce soit pour nous sugg\u00e9rer un article pour le prochain num\u00e9ro, faire de la publicit\u00e9 pour un \u00e9v\u00e9nement futur, ou tout simplement pour nous donner votre avis, n&rsquo;h\u00e9sitez pas \u00e0 remplir le formulaire ci-dessous !<\/p>\n<p>&nbsp;<\/p>\n","protected":false},"excerpt":{"rendered":"<p>Si vous souhaitez prendre contact avec la r\u00e9daction, que ce soit pour nous sugg\u00e9rer un article pour le prochain num\u00e9ro, faire de la publicit\u00e9 pour un \u00e9v\u00e9nement futur, ou tout simplement pour nous donner votre avis, n&rsquo;h\u00e9sitez pas \u00e0 remplir le formulaire ci-dessous ! &nbsp;<\/p>\n","protected":false},"author":1,"featured_media":0,"parent":0,"menu_order":0,"comment_status":"closed","ping_status":"closed","template":"","meta":{"footnotes":""},"class_list":["post-21","page","type-page","status-publish","hentry"],"_links":{"self":[{"href":"https:\/\/esrenens.ch\/news23\/index.php?rest_route=\/wp\/v2\/pages\/21","targetHints":{"allow":["GET"]}}],"collection":[{"href":"https:\/\/esrenens.ch\/news23\/index.php?rest_route=\/wp\/v2\/pages"}],"about":[{"href":"https:\/\/esrenens.ch\/news23\/index.php?rest_route=\/wp\/v2\/types\/page"}],"author":[{"embeddable":true,"href":"https:\/\/esrenens.ch\/news23\/index.php?rest_route=\/wp\/v2\/users\/1"}],"replies":[{"embeddable":true,"href":"https:\/\/esrenens.ch\/news23\/index.php?rest_route=%2Fwp%2Fv2%2Fcomments&post=21"}],"version-history":[{"count":6,"href":"https:\/\/esrenens.ch\/news23\/index.php?rest_route=\/wp\/v2\/pages\/21\/revisions"}],"predecessor-version":[{"id":506,"href":"https:\/\/esrenens.ch\/news23\/index.php?rest_route=\/wp\/v2\/pages\/21\/revisions\/506"}],"wp:attachment":[{"href":"https:\/\/esrenens.ch\/news23\/index.php?rest_route=%2Fwp%2Fv2%2Fmedia&parent=21"}],"curies":[{"name":"wp","href":"https:\/\/api.w.org\/{rel}","templated":true}]}}